{"id":8,"date":"2017-03-28T19:07:04","date_gmt":"2017-03-28T19:07:04","guid":{"rendered":"http:\/\/www.hausverwaltung-ryvola.de\/cms\/?page_id=8"},"modified":"2024-07-18T14:59:53","modified_gmt":"2024-07-18T14:59:53","slug":"leistungen","status":"publish","type":"page","link":"https:\/\/www.hausverwaltung-ryvola.de\/cms\/leistungen\/","title":{"rendered":"Leistungen"},"content":{"rendered":"<p>Die Hausverwaltung Ryvola ist Sachverwalter f\u00fcr fremdes Verm\u00f6gen. Unsere t\u00e4gliche Arbeitsweise beruht auf dem wechselseitigen Vertrauensverh\u00e4ltnis zwischen Eigent\u00fcmer \/ Verk\u00e4ufer und Hausverwalter. Neben der besonderen Zuverl\u00e4ssigkeit, Unparteilichkeit und den geordneten Verm\u00f6gensverh\u00e4ltnissen setzt dies fundierte Fachkompetenz voraus. Als spezialisiertes Unternehmen f\u00fcr die Verwaltung sowie den Vertrieb von Immobilien erbringen wir einen sachgerechten Service, verbunden mit transparenten und nachvollziehbaren Abwicklungen.<\/p>\n<p>Wir organisieren auf Kundenwunsch weiterhin eine Vielzahl anfallender Arbeiten rund um die Immobilie.<\/p>\n<p>F\u00fcr weitere Ausk\u00fcnfte steht Ihnen unser Team gerne pers\u00f6nlich zur Verf\u00fcgung. Rufen Sie einfach an oder kontaktieren Sie uns per <a href=\"mailto:hausverwaltung@ryvola.de\">Mail<\/a><\/p>\n","protected":false},"excerpt":{"rendered":"<p>Die Hausverwaltung Ryvola ist Sachverwalter f\u00fcr fremdes Verm\u00f6gen. Unsere t\u00e4gliche Arbeitsweise beruht auf dem wechselseitigen Vertrauensverh\u00e4ltnis zwischen Eigent\u00fcmer \/ Verk\u00e4ufer und Hausverwalter. Neben der besonderen Zuverl\u00e4ssigkeit, Unparteilichkeit und den geordneten Verm\u00f6gensverh\u00e4ltnissen setzt dies fundierte Fachkompetenz voraus. Als spezialisiertes Unternehmen f\u00fcr die Verwaltung sowie den Vertrieb von Immobilien erbringen wir einen sachgerechten Service, verbunden mit transparenten [&hellip;]<\/p>\n","protected":false},"author":1,"featured_media":0,"parent":0,"menu_order":0,"comment_status":"closed","ping_status":"closed","template":"page-hausverwaltung.php","meta":{"_acf_changed":false,"footnotes":""},"class_list":["post-8","page","type-page","status-publish","hentry"],"acf":[],"yoast_head":"<!-- This site is optimized with the Yoast SEO plugin v27.5 - https:\/\/yoast.com\/product\/yoast-seo-wordpress\/ -->\n<title>Leistungen &#8211; Hausverwaltung Ryvola<\/title>\n<meta name=\"robots\" content=\"index, follow, max-snippet:-1, max-image-preview:large, max-video-preview:-1\" \/>\n<link rel=\"canonical\" href=\"https:\/\/www.hausverwaltung-ryvola.de\/cms\/leistungen\/\" \/>\n<meta property=\"og:locale\" content=\"de_DE\" \/>\n<meta property=\"og:type\" content=\"article\" \/>\n<meta property=\"og:title\" content=\"Leistungen &#8211; Hausverwaltung Ryvola\" \/>\n<meta property=\"og:description\" content=\"Die Hausverwaltung Ryvola ist Sachverwalter f\u00fcr fremdes Verm\u00f6gen. Unsere t\u00e4gliche Arbeitsweise beruht auf dem wechselseitigen Vertrauensverh\u00e4ltnis zwischen Eigent\u00fcmer \/ Verk\u00e4ufer und Hausverwalter. Neben der besonderen Zuverl\u00e4ssigkeit, Unparteilichkeit und den geordneten Verm\u00f6gensverh\u00e4ltnissen setzt dies fundierte Fachkompetenz voraus. Als spezialisiertes Unternehmen f\u00fcr die Verwaltung sowie den Vertrieb von Immobilien erbringen wir einen sachgerechten Service, verbunden mit transparenten [&hellip;]\" \/>\n<meta property=\"og:url\" content=\"https:\/\/www.hausverwaltung-ryvola.de\/cms\/leistungen\/\" \/>\n<meta property=\"og:site_name\" content=\"Hausverwaltung Ryvola\" \/>\n<meta property=\"article:modified_time\" content=\"2024-07-18T14:59:53+00:00\" \/>\n<meta name=\"twitter:card\" content=\"summary_large_image\" \/>\n<meta name=\"twitter:label1\" content=\"Gesch\u00e4tzte Lesezeit\" \/>\n\t<meta name=\"twitter:data1\" content=\"1\u00a0Minute\" \/>\n<script type=\"application\/ld+json\" class=\"yoast-schema-graph\">{\"@context\":\"https:\\\/\\\/schema.org\",\"@graph\":[{\"@type\":\"WebPage\",\"@id\":\"https:\\\/\\\/www.hausverwaltung-ryvola.de\\\/cms\\\/leistungen\\\/\",\"url\":\"https:\\\/\\\/www.hausverwaltung-ryvola.de\\\/cms\\\/leistungen\\\/\",\"name\":\"Leistungen &#8211; Hausverwaltung Ryvola\",\"isPartOf\":{\"@id\":\"https:\\\/\\\/www.hausverwaltung-ryvola.de\\\/cms\\\/#website\"},\"datePublished\":\"2017-03-28T19:07:04+00:00\",\"dateModified\":\"2024-07-18T14:59:53+00:00\",\"breadcrumb\":{\"@id\":\"https:\\\/\\\/www.hausverwaltung-ryvola.de\\\/cms\\\/leistungen\\\/#breadcrumb\"},\"inLanguage\":\"de\",\"potentialAction\":[{\"@type\":\"ReadAction\",\"target\":[\"https:\\\/\\\/www.hausverwaltung-ryvola.de\\\/cms\\\/leistungen\\\/\"]}]},{\"@type\":\"BreadcrumbList\",\"@id\":\"https:\\\/\\\/www.hausverwaltung-ryvola.de\\\/cms\\\/leistungen\\\/#breadcrumb\",\"itemListElement\":[{\"@type\":\"ListItem\",\"position\":1,\"name\":\"Home\",\"item\":\"https:\\\/\\\/www.hausverwaltung-ryvola.de\\\/cms\\\/\"},{\"@type\":\"ListItem\",\"position\":2,\"name\":\"Leistungen\"}]},{\"@type\":\"WebSite\",\"@id\":\"https:\\\/\\\/www.hausverwaltung-ryvola.de\\\/cms\\\/#website\",\"url\":\"https:\\\/\\\/www.hausverwaltung-ryvola.de\\\/cms\\\/\",\"name\":\"Hausverwaltung Ryvola\",\"description\":\"\",\"potentialAction\":[{\"@type\":\"SearchAction\",\"target\":{\"@type\":\"EntryPoint\",\"urlTemplate\":\"https:\\\/\\\/www.hausverwaltung-ryvola.de\\\/cms\\\/?s={search_term_string}\"},\"query-input\":{\"@type\":\"PropertyValueSpecification\",\"valueRequired\":true,\"valueName\":\"search_term_string\"}}],\"inLanguage\":\"de\"}]}<\/script>\n<!-- \/ Yoast SEO plugin. -->","yoast_head_json":{"title":"Leistungen &#8211; Hausverwaltung Ryvola","robots":{"index":"index","follow":"follow","max-snippet":"max-snippet:-1","max-image-preview":"max-image-preview:large","max-video-preview":"max-video-preview:-1"},"canonical":"https:\/\/www.hausverwaltung-ryvola.de\/cms\/leistungen\/","og_locale":"de_DE","og_type":"article","og_title":"Leistungen &#8211; Hausverwaltung Ryvola","og_description":"Die Hausverwaltung Ryvola ist Sachverwalter f\u00fcr fremdes Verm\u00f6gen. Unsere t\u00e4gliche Arbeitsweise beruht auf dem wechselseitigen Vertrauensverh\u00e4ltnis zwischen Eigent\u00fcmer \/ Verk\u00e4ufer und Hausverwalter. Neben der besonderen Zuverl\u00e4ssigkeit, Unparteilichkeit und den geordneten Verm\u00f6gensverh\u00e4ltnissen setzt dies fundierte Fachkompetenz voraus. Als spezialisiertes Unternehmen f\u00fcr die Verwaltung sowie den Vertrieb von Immobilien erbringen wir einen sachgerechten Service, verbunden mit transparenten [&hellip;]","og_url":"https:\/\/www.hausverwaltung-ryvola.de\/cms\/leistungen\/","og_site_name":"Hausverwaltung Ryvola","article_modified_time":"2024-07-18T14:59:53+00:00","twitter_card":"summary_large_image","twitter_misc":{"Gesch\u00e4tzte Lesezeit":"1\u00a0Minute"},"schema":{"@context":"https:\/\/schema.org","@graph":[{"@type":"WebPage","@id":"https:\/\/www.hausverwaltung-ryvola.de\/cms\/leistungen\/","url":"https:\/\/www.hausverwaltung-ryvola.de\/cms\/leistungen\/","name":"Leistungen &#8211; Hausverwaltung Ryvola","isPartOf":{"@id":"https:\/\/www.hausverwaltung-ryvola.de\/cms\/#website"},"datePublished":"2017-03-28T19:07:04+00:00","dateModified":"2024-07-18T14:59:53+00:00","breadcrumb":{"@id":"https:\/\/www.hausverwaltung-ryvola.de\/cms\/leistungen\/#breadcrumb"},"inLanguage":"de","potentialAction":[{"@type":"ReadAction","target":["https:\/\/www.hausverwaltung-ryvola.de\/cms\/leistungen\/"]}]},{"@type":"BreadcrumbList","@id":"https:\/\/www.hausverwaltung-ryvola.de\/cms\/leistungen\/#breadcrumb","itemListElement":[{"@type":"ListItem","position":1,"name":"Home","item":"https:\/\/www.hausverwaltung-ryvola.de\/cms\/"},{"@type":"ListItem","position":2,"name":"Leistungen"}]},{"@type":"WebSite","@id":"https:\/\/www.hausverwaltung-ryvola.de\/cms\/#website","url":"https:\/\/www.hausverwaltung-ryvola.de\/cms\/","name":"Hausverwaltung Ryvola","description":"","potentialAction":[{"@type":"SearchAction","target":{"@type":"EntryPoint","urlTemplate":"https:\/\/www.hausverwaltung-ryvola.de\/cms\/?s={search_term_string}"},"query-input":{"@type":"PropertyValueSpecification","valueRequired":true,"valueName":"search_term_string"}}],"inLanguage":"de"}]}},"_links":{"self":[{"href":"https:\/\/www.hausverwaltung-ryvola.de\/cms\/wp-json\/wp\/v2\/pages\/8","targetHints":{"allow":["GET"]}}],"collection":[{"href":"https:\/\/www.hausverwaltung-ryvola.de\/cms\/wp-json\/wp\/v2\/pages"}],"about":[{"href":"https:\/\/www.hausverwaltung-ryvola.de\/cms\/wp-json\/wp\/v2\/types\/page"}],"author":[{"embeddable":true,"href":"https:\/\/www.hausverwaltung-ryvola.de\/cms\/wp-json\/wp\/v2\/users\/1"}],"replies":[{"embeddable":true,"href":"https:\/\/www.hausverwaltung-ryvola.de\/cms\/wp-json\/wp\/v2\/comments?post=8"}],"version-history":[{"count":2,"href":"https:\/\/www.hausverwaltung-ryvola.de\/cms\/wp-json\/wp\/v2\/pages\/8\/revisions"}],"predecessor-version":[{"id":335,"href":"https:\/\/www.hausverwaltung-ryvola.de\/cms\/wp-json\/wp\/v2\/pages\/8\/revisions\/335"}],"wp:attachment":[{"href":"https:\/\/www.hausverwaltung-ryvola.de\/cms\/wp-json\/wp\/v2\/media?parent=8"}],"curies":[{"name":"wp","href":"https:\/\/api.w.org\/{rel}","templated":true}]}}