{"id":6,"date":"2017-03-28T19:06:56","date_gmt":"2017-03-28T19:06:56","guid":{"rendered":"http:\/\/www.hausverwaltung-ryvola.de\/cms\/?page_id=6"},"modified":"2024-07-18T14:55:04","modified_gmt":"2024-07-18T14:55:04","slug":"hauserwaltung","status":"publish","type":"page","link":"https:\/\/www.hausverwaltung-ryvola.de\/cms\/hauserwaltung\/","title":{"rendered":"Hausverwaltung"},"content":{"rendered":"<p>Wir sind Ihr regionaler Partner f\u00fcr den Vertrieb und die Verwaltung von Immobilien in Bottrop und Umgebung.<\/p>\r\n<p>Vom Standort Kirchhellen aus sind wir immer erreichbar und in Ihrer N\u00e4he. Mit unseren fundierten Marktkenntnissen aus \u00fcber 20 Jahren Berufserfahrung sowieso der Beobachtung aktueller Entwicklungen, beraten wir Sie umfangreich mit gr\u00f6\u00dftem Engagement bei allen Aufgabenstellungen rund um das Thema Immobilie.<\/p>\r\n<p>Seit Jahren wird uns die Bewirtschaftung von rund 2.000 Wohnungen anvertraut. Dar\u00fcber hinaus vermitteln wir stets interessante Eigentumswohnungen, Ein- und Mehrfamilienh\u00e4user in unserer Region.<\/p>\r\n<p>Unsere Dienstleistung ist breit gef\u00e4chert \u2013 sprechen Sie uns an!<\/p>\r\n<p>Unterst\u00fctzt werden wir zielgerichtet durch starke Partner \u2013 im Fokus steht immer das bestm\u00f6gliche Resultat.<\/p>\r\n<p>Wir handeln nach dem Grundsatz, dass der Umgang mit unseren Kunden, Auftragnehmern und Mitarbeitern stets von Ehrlichkeit, Verantwortungsbewusstsein und gegenseitigem Respekt gepr\u00e4gt ist. Auf Basis dieses Handlungsleitbildes steht das optimale Ergebnis f\u00fcr alle Beteiligten im Mittelpunkt unserer Arbeit.<\/p>\r\n\r\n\r\n\r\n<div class=\"wp-block-columns is-layout-flex wp-container-core-columns-is-layout-9d6595d7 wp-block-columns-is-layout-flex\">\r\n<div class=\"wp-block-column is-layout-flow wp-block-column-is-layout-flow\" style=\"flex-basis: 100%;\">\r\n<div class=\"wp-block-columns is-layout-flex wp-container-core-columns-is-layout-9d6595d7 wp-block-columns-is-layout-flex\">\r\n<div class=\"wp-block-column hoverlogo is-layout-flow wp-block-column-is-layout-flow\">\r\n<figure class=\"wp-block-image size-full\"><img loading=\"lazy\" decoding=\"async\" width=\"199\" height=\"110\" class=\"wp-image-303\" src=\"https:\/\/www.hausverwaltung-ryvola.de\/cms\/wp-content\/uploads\/2021\/01\/verband_immobilienverwalter_logo.png\" alt=\"\" \/><\/figure>\r\n<\/div>\r\n\r\n\r\n\r\n<div class=\"wp-block-column hoverlogo is-layout-flow wp-block-column-is-layout-flow\">  <div class=\"brlbs-cmpnt-container brlbs-cmpnt-content-blocker brlbs-cmpnt-with-individual-styles\" data-borlabs-cookie-content-blocker-id=\"default\" data-borlabs-cookie-content=\"PGlmcmFtZSBzdHlsZT0ib3ZlcmZsb3c6IGhpZGRlbjsiIHNyYz0iLy93aWRnZXQuaW1tb2JpbGllbnNjb3V0MjQuZGUvYW5iaWV0ZXIvYmV3ZXJ0dW5nL2Q1OWNjZjhlMWI4ZTVjYzc3MTlmODFmMTZhNWMzYzE3IiB3aWR0aD0iMTkwIiBoZWlnaHQ9IjE2MCIgZnJhbWVib3JkZXI9IjAiIG1hcmdpbndpZHRoPSIwIiBtYXJnaW5oZWlnaHQ9IjAiPjwvaWZyYW1lPg==\"><div class=\"brlbs-cmpnt-cb-preset-a\"> <p class=\"brlbs-cmpnt-cb-description\">Sie sehen gerade einen Platzhalterinhalt von <strong>Standard<\/strong>. Um auf den eigentlichen Inhalt zuzugreifen, klicken Sie auf den Button unten. Bitte beachten Sie, dass dabei Daten an Drittanbieter weitergegeben werden.<\/p> <div class=\"brlbs-cmpnt-cb-buttons\"> <a class=\"brlbs-cmpnt-cb-btn\" href=\"#\" data-borlabs-cookie-unblock role=\"button\">Inhalt entsperren<\/a> <a class=\"brlbs-cmpnt-cb-btn\" href=\"#\" data-borlabs-cookie-accept-service role=\"button\" style=\"display: none\">Erforderlichen Service akzeptieren und Inhalte entsperren<\/a> <\/div> <a class=\"brlbs-cmpnt-cb-provider-toggle\" href=\"#\" data-borlabs-cookie-show-provider-information role=\"button\">Weitere Informationen<\/a> <\/div><\/div> <\/div>\r\n<\/div>\r\n<\/div>\r\n<\/div>\r\n\r\n\r\n\r\n<p>&nbsp;<\/p>\r\n","protected":false},"excerpt":{"rendered":"<p>Wir sind Ihr regionaler Partner f\u00fcr den Vertrieb und die Verwaltung von Immobilien in Bottrop und Umgebung. Vom Standort Kirchhellen aus sind wir immer erreichbar und in Ihrer N\u00e4he. Mit unseren fundierten Marktkenntnissen aus \u00fcber 20 Jahren Berufserfahrung sowieso der Beobachtung aktueller Entwicklungen, beraten wir Sie umfangreich mit gr\u00f6\u00dftem Engagement bei allen Aufgabenstellungen rund um [&hellip;]<\/p>\n","protected":false},"author":1,"featured_media":0,"parent":0,"menu_order":0,"comment_status":"closed","ping_status":"closed","template":"page-hausverwaltung.php","meta":{"_acf_changed":false,"footnotes":""},"class_list":["post-6","page","type-page","status-publish","hentry"],"acf":[],"yoast_head":"<!-- This site is optimized with the Yoast SEO plugin v27.3 - https:\/\/yoast.com\/product\/yoast-seo-wordpress\/ -->\n<title>Hausverwaltung &#8211; Hausverwaltung Ryvola<\/title>\n<meta name=\"robots\" content=\"index, follow, max-snippet:-1, max-image-preview:large, max-video-preview:-1\" \/>\n<link rel=\"canonical\" href=\"https:\/\/www.hausverwaltung-ryvola.de\/cms\/hauserwaltung\/\" \/>\n<meta property=\"og:locale\" content=\"de_DE\" \/>\n<meta property=\"og:type\" content=\"article\" \/>\n<meta property=\"og:title\" content=\"Hausverwaltung &#8211; Hausverwaltung Ryvola\" \/>\n<meta property=\"og:description\" content=\"Wir sind Ihr regionaler Partner f\u00fcr den Vertrieb und die Verwaltung von Immobilien in Bottrop und Umgebung. Vom Standort Kirchhellen aus sind wir immer erreichbar und in Ihrer N\u00e4he. Mit unseren fundierten Marktkenntnissen aus \u00fcber 20 Jahren Berufserfahrung sowieso der Beobachtung aktueller Entwicklungen, beraten wir Sie umfangreich mit gr\u00f6\u00dftem Engagement bei allen Aufgabenstellungen rund um [&hellip;]\" \/>\n<meta property=\"og:url\" content=\"https:\/\/www.hausverwaltung-ryvola.de\/cms\/hauserwaltung\/\" \/>\n<meta property=\"og:site_name\" content=\"Hausverwaltung Ryvola\" \/>\n<meta property=\"article:modified_time\" content=\"2024-07-18T14:55:04+00:00\" \/>\n<meta property=\"og:image\" content=\"https:\/\/www.hausverwaltung-ryvola.de\/cms\/wp-content\/uploads\/2021\/01\/verband_immobilienverwalter_logo.png\" \/>\n<meta name=\"twitter:card\" content=\"summary_large_image\" \/>\n<meta name=\"twitter:label1\" content=\"Gesch\u00e4tzte Lesezeit\" \/>\n\t<meta name=\"twitter:data1\" content=\"1\u00a0Minute\" \/>\n<script type=\"application\/ld+json\" class=\"yoast-schema-graph\">{\"@context\":\"https:\\\/\\\/schema.org\",\"@graph\":[{\"@type\":\"WebPage\",\"@id\":\"https:\\\/\\\/www.hausverwaltung-ryvola.de\\\/cms\\\/hauserwaltung\\\/\",\"url\":\"https:\\\/\\\/www.hausverwaltung-ryvola.de\\\/cms\\\/hauserwaltung\\\/\",\"name\":\"Hausverwaltung &#8211; Hausverwaltung Ryvola\",\"isPartOf\":{\"@id\":\"https:\\\/\\\/www.hausverwaltung-ryvola.de\\\/cms\\\/#website\"},\"primaryImageOfPage\":{\"@id\":\"https:\\\/\\\/www.hausverwaltung-ryvola.de\\\/cms\\\/hauserwaltung\\\/#primaryimage\"},\"image\":{\"@id\":\"https:\\\/\\\/www.hausverwaltung-ryvola.de\\\/cms\\\/hauserwaltung\\\/#primaryimage\"},\"thumbnailUrl\":\"https:\\\/\\\/www.hausverwaltung-ryvola.de\\\/cms\\\/wp-content\\\/uploads\\\/2021\\\/01\\\/verband_immobilienverwalter_logo.png\",\"datePublished\":\"2017-03-28T19:06:56+00:00\",\"dateModified\":\"2024-07-18T14:55:04+00:00\",\"breadcrumb\":{\"@id\":\"https:\\\/\\\/www.hausverwaltung-ryvola.de\\\/cms\\\/hauserwaltung\\\/#breadcrumb\"},\"inLanguage\":\"de\",\"potentialAction\":[{\"@type\":\"ReadAction\",\"target\":[\"https:\\\/\\\/www.hausverwaltung-ryvola.de\\\/cms\\\/hauserwaltung\\\/\"]}]},{\"@type\":\"ImageObject\",\"inLanguage\":\"de\",\"@id\":\"https:\\\/\\\/www.hausverwaltung-ryvola.de\\\/cms\\\/hauserwaltung\\\/#primaryimage\",\"url\":\"https:\\\/\\\/www.hausverwaltung-ryvola.de\\\/cms\\\/wp-content\\\/uploads\\\/2021\\\/01\\\/verband_immobilienverwalter_logo.png\",\"contentUrl\":\"https:\\\/\\\/www.hausverwaltung-ryvola.de\\\/cms\\\/wp-content\\\/uploads\\\/2021\\\/01\\\/verband_immobilienverwalter_logo.png\",\"width\":199,\"height\":110},{\"@type\":\"BreadcrumbList\",\"@id\":\"https:\\\/\\\/www.hausverwaltung-ryvola.de\\\/cms\\\/hauserwaltung\\\/#breadcrumb\",\"itemListElement\":[{\"@type\":\"ListItem\",\"position\":1,\"name\":\"Home\",\"item\":\"https:\\\/\\\/www.hausverwaltung-ryvola.de\\\/cms\\\/\"},{\"@type\":\"ListItem\",\"position\":2,\"name\":\"Hausverwaltung\"}]},{\"@type\":\"WebSite\",\"@id\":\"https:\\\/\\\/www.hausverwaltung-ryvola.de\\\/cms\\\/#website\",\"url\":\"https:\\\/\\\/www.hausverwaltung-ryvola.de\\\/cms\\\/\",\"name\":\"Hausverwaltung Ryvola\",\"description\":\"\",\"potentialAction\":[{\"@type\":\"SearchAction\",\"target\":{\"@type\":\"EntryPoint\",\"urlTemplate\":\"https:\\\/\\\/www.hausverwaltung-ryvola.de\\\/cms\\\/?s={search_term_string}\"},\"query-input\":{\"@type\":\"PropertyValueSpecification\",\"valueRequired\":true,\"valueName\":\"search_term_string\"}}],\"inLanguage\":\"de\"}]}<\/script>\n<!-- \/ Yoast SEO plugin. -->","yoast_head_json":{"title":"Hausverwaltung &#8211; Hausverwaltung Ryvola","robots":{"index":"index","follow":"follow","max-snippet":"max-snippet:-1","max-image-preview":"max-image-preview:large","max-video-preview":"max-video-preview:-1"},"canonical":"https:\/\/www.hausverwaltung-ryvola.de\/cms\/hauserwaltung\/","og_locale":"de_DE","og_type":"article","og_title":"Hausverwaltung &#8211; Hausverwaltung Ryvola","og_description":"Wir sind Ihr regionaler Partner f\u00fcr den Vertrieb und die Verwaltung von Immobilien in Bottrop und Umgebung. Vom Standort Kirchhellen aus sind wir immer erreichbar und in Ihrer N\u00e4he. Mit unseren fundierten Marktkenntnissen aus \u00fcber 20 Jahren Berufserfahrung sowieso der Beobachtung aktueller Entwicklungen, beraten wir Sie umfangreich mit gr\u00f6\u00dftem Engagement bei allen Aufgabenstellungen rund um [&hellip;]","og_url":"https:\/\/www.hausverwaltung-ryvola.de\/cms\/hauserwaltung\/","og_site_name":"Hausverwaltung Ryvola","article_modified_time":"2024-07-18T14:55:04+00:00","og_image":[{"url":"https:\/\/www.hausverwaltung-ryvola.de\/cms\/wp-content\/uploads\/2021\/01\/verband_immobilienverwalter_logo.png","type":"","width":"","height":""}],"twitter_card":"summary_large_image","twitter_misc":{"Gesch\u00e4tzte Lesezeit":"1\u00a0Minute"},"schema":{"@context":"https:\/\/schema.org","@graph":[{"@type":"WebPage","@id":"https:\/\/www.hausverwaltung-ryvola.de\/cms\/hauserwaltung\/","url":"https:\/\/www.hausverwaltung-ryvola.de\/cms\/hauserwaltung\/","name":"Hausverwaltung &#8211; Hausverwaltung Ryvola","isPartOf":{"@id":"https:\/\/www.hausverwaltung-ryvola.de\/cms\/#website"},"primaryImageOfPage":{"@id":"https:\/\/www.hausverwaltung-ryvola.de\/cms\/hauserwaltung\/#primaryimage"},"image":{"@id":"https:\/\/www.hausverwaltung-ryvola.de\/cms\/hauserwaltung\/#primaryimage"},"thumbnailUrl":"https:\/\/www.hausverwaltung-ryvola.de\/cms\/wp-content\/uploads\/2021\/01\/verband_immobilienverwalter_logo.png","datePublished":"2017-03-28T19:06:56+00:00","dateModified":"2024-07-18T14:55:04+00:00","breadcrumb":{"@id":"https:\/\/www.hausverwaltung-ryvola.de\/cms\/hauserwaltung\/#breadcrumb"},"inLanguage":"de","potentialAction":[{"@type":"ReadAction","target":["https:\/\/www.hausverwaltung-ryvola.de\/cms\/hauserwaltung\/"]}]},{"@type":"ImageObject","inLanguage":"de","@id":"https:\/\/www.hausverwaltung-ryvola.de\/cms\/hauserwaltung\/#primaryimage","url":"https:\/\/www.hausverwaltung-ryvola.de\/cms\/wp-content\/uploads\/2021\/01\/verband_immobilienverwalter_logo.png","contentUrl":"https:\/\/www.hausverwaltung-ryvola.de\/cms\/wp-content\/uploads\/2021\/01\/verband_immobilienverwalter_logo.png","width":199,"height":110},{"@type":"BreadcrumbList","@id":"https:\/\/www.hausverwaltung-ryvola.de\/cms\/hauserwaltung\/#breadcrumb","itemListElement":[{"@type":"ListItem","position":1,"name":"Home","item":"https:\/\/www.hausverwaltung-ryvola.de\/cms\/"},{"@type":"ListItem","position":2,"name":"Hausverwaltung"}]},{"@type":"WebSite","@id":"https:\/\/www.hausverwaltung-ryvola.de\/cms\/#website","url":"https:\/\/www.hausverwaltung-ryvola.de\/cms\/","name":"Hausverwaltung Ryvola","description":"","potentialAction":[{"@type":"SearchAction","target":{"@type":"EntryPoint","urlTemplate":"https:\/\/www.hausverwaltung-ryvola.de\/cms\/?s={search_term_string}"},"query-input":{"@type":"PropertyValueSpecification","valueRequired":true,"valueName":"search_term_string"}}],"inLanguage":"de"}]}},"_links":{"self":[{"href":"https:\/\/www.hausverwaltung-ryvola.de\/cms\/wp-json\/wp\/v2\/pages\/6","targetHints":{"allow":["GET"]}}],"collection":[{"href":"https:\/\/www.hausverwaltung-ryvola.de\/cms\/wp-json\/wp\/v2\/pages"}],"about":[{"href":"https:\/\/www.hausverwaltung-ryvola.de\/cms\/wp-json\/wp\/v2\/types\/page"}],"author":[{"embeddable":true,"href":"https:\/\/www.hausverwaltung-ryvola.de\/cms\/wp-json\/wp\/v2\/users\/1"}],"replies":[{"embeddable":true,"href":"https:\/\/www.hausverwaltung-ryvola.de\/cms\/wp-json\/wp\/v2\/comments?post=6"}],"version-history":[{"count":12,"href":"https:\/\/www.hausverwaltung-ryvola.de\/cms\/wp-json\/wp\/v2\/pages\/6\/revisions"}],"predecessor-version":[{"id":333,"href":"https:\/\/www.hausverwaltung-ryvola.de\/cms\/wp-json\/wp\/v2\/pages\/6\/revisions\/333"}],"wp:attachment":[{"href":"https:\/\/www.hausverwaltung-ryvola.de\/cms\/wp-json\/wp\/v2\/media?parent=6"}],"curies":[{"name":"wp","href":"https:\/\/api.w.org\/{rel}","templated":true}]}}