{"id":12,"date":"2017-03-28T19:07:22","date_gmt":"2017-03-28T19:07:22","guid":{"rendered":"http:\/\/www.hausverwaltung-ryvola.de\/cms\/?page_id=12"},"modified":"2022-08-09T06:35:54","modified_gmt":"2022-08-09T06:35:54","slug":"impressum","status":"publish","type":"page","link":"https:\/\/www.hausverwaltung-ryvola.de\/cms\/impressum\/","title":{"rendered":"Impressum"},"content":{"rendered":"<h2>IMPRESSUM<\/h2>\n<h3>Angaben gem\u00e4\u00df \u00a7 5 TMG:<\/h3>\n<p>Hausverwaltung Ryvola<br \/>\nInhaber: Jan Christopher Ryvola, M.A.<br \/>\nFries Kamp 2<br \/>\n46244 Bottrop-Kirchhellen<\/p>\n<h3>Vertreten durch:<\/h3>\n<p>Jan Christopher Ryvola, M.A.<\/p>\n<h3>Kontakt:<\/h3>\n<table>\n<tbody>\n<tr>\n<td>Telefon:<\/td>\n<td>+49 2045 40430<\/td>\n<\/tr>\n<tr>\n<td>Telefax:<\/td>\n<td>+49 2045 404646<\/td>\n<\/tr>\n<tr>\n<td>E-Mail:<\/td>\n<td>hausverwaltung@ryvola.de<\/td>\n<\/tr>\n<\/tbody>\n<\/table>\n<h3>Umsatzsteuer-ID:<\/h3>\n<p>Umsatzsteuer-Identifikationsnummer gem\u00e4\u00df \u00a727 a Umsatzsteuergesetz:<br \/>\nDE274571074<\/p>\n<p>Quelle: <em><a href=\"https:\/\/www.e-recht24.de\/artikel\/datenschutz\/209.html\">https:\/\/www.e-recht24.de<\/a><\/em><\/p>\n<h2>HAFTUNGSAUSSCHLUSS (DISCLAIMER)<\/h2>\n<h3>Haftung f\u00fcr Inhalte<\/h3>\n<p>Als Diensteanbieter sind wir gem\u00e4\u00df \u00a7 7 Abs.1 TMG f\u00fcr eigene Inhalte auf diesen Seiten nach den allgemeinen Gesetzen verantwortlich. Nach \u00a7\u00a7 8 bis 10 TMG sind wir als Diensteanbieter jedoch nicht verpflichtet, \u00fcbermittelte oder gespeichertefremde Informationen zu \u00fcberwachen oder nach Umst\u00e4nden zu forschen, die auf eine rechtswidrige T\u00e4tigkeit hinweisen.<\/p>\n<p>Verpflichtungen zur Entfernung oder Sperrung der Nutzung von Informationen nach den allgemeinen Gesetzen bleiben hiervon unber\u00fchrt. Eine diesbez\u00fcgliche Haftung ist jedoch erst ab dem Zeitpunkt der Kenntnis einer konkreten Rechtsverletzungm\u00f6glich. Bei Bekanntwerden von entsprechenden Rechtsverletzungen werden wir diese Inhalte umgehend entfernen.<\/p>\n<h3>Haftung f\u00fcr Links<\/h3>\n<p>Unser Angebot enth\u00e4lt Links zu externen Webseiten Dritter, auf deren Inhalte wir keinen Einfluss haben. Deshalb k\u00f6nnen wir f\u00fcr diese fremden Inhalte auch keine Gew\u00e4hr \u00fcbernehmen. F\u00fcr die Inhalte der verlinkten Seiten ist stets derjeweilige Anbieter oder Betreiber der Seiten verantwortlich. Die verlinkten Seiten wurden zum Zeitpunkt der Verlinkung auf m\u00f6gliche Rechtsverst\u00f6\u00dfe \u00fcberpr\u00fcft. Rechtswidrige Inhalte waren zum Zeitpunkt der Verlinkung nicht erkennbar.<\/p>\n<p>Eine permanente inhaltliche Kontrolle der verlinkten Seiten ist jedoch ohne konkrete Anhaltspunkte einer Rechtsverletzung nicht zumutbar. Bei Bekanntwerden von Rechtsverletzungen werden wir derartige Links umgehend entfernen.<\/p>\n<h3>Urheberrecht<\/h3>\n<p>Die durch die Seitenbetreiber erstellten Inhalte und Werke auf diesen Seiten unterliegen dem deutschen Urheberrecht. Die Vervielf\u00e4ltigung, Bearbeitung, Verbreitung und jede Art der Verwertung au\u00dferhalb der Grenzen des Urheberrechtesbed\u00fcrfen der schriftlichen Zustimmung des jeweiligen Autors bzw. Erstellers. Downloads und Kopien dieser Seite sind nur f\u00fcr den privaten, nicht kommerziellen Gebrauch gestattet.<\/p>\n<p>Soweit die Inhalte auf dieser Seite nicht vom Betreiber erstellt wurden, werden die Urheberrechte Dritter beachtet. Insbesondere werden Inhalte Dritter als solche gekennzeichnet. Sollten Sie trotzdem auf eine Urheberrechtsverletzungaufmerksam werden, bitten wir um einen entsprechenden Hinweis. Bei Bekanntwerden von Rechtsverletzungen werden wir derartige Inhalte umgehend entfernen.<\/p>\n","protected":false},"excerpt":{"rendered":"<p>IMPRESSUM Angaben gem\u00e4\u00df \u00a7 5 TMG: Hausverwaltung Ryvola Inhaber: Jan Christopher Ryvola, M.A. Fries Kamp 2 46244 Bottrop-Kirchhellen Vertreten durch: Jan Christopher Ryvola, M.A. Kontakt: Telefon: +49 2045 40430 Telefax: +49 2045 404646 E-Mail: hausverwaltung@ryvola.de Umsatzsteuer-ID: Umsatzsteuer-Identifikationsnummer gem\u00e4\u00df \u00a727 a Umsatzsteuergesetz: DE274571074 Quelle: https:\/\/www.e-recht24.de HAFTUNGSAUSSCHLUSS (DISCLAIMER) Haftung f\u00fcr Inhalte Als Diensteanbieter sind wir gem\u00e4\u00df \u00a7 [&hellip;]<\/p>\n","protected":false},"author":1,"featured_media":0,"parent":0,"menu_order":0,"comment_status":"closed","ping_status":"closed","template":"page-impressum.php","meta":{"_acf_changed":false,"footnotes":""},"class_list":["post-12","page","type-page","status-publish","hentry"],"acf":[],"yoast_head":"<!-- This site is optimized with the Yoast SEO plugin v27.5 - https:\/\/yoast.com\/product\/yoast-seo-wordpress\/ -->\n<title>Impressum &#8211; Hausverwaltung Ryvola<\/title>\n<meta name=\"robots\" content=\"index, follow, max-snippet:-1, max-image-preview:large, max-video-preview:-1\" \/>\n<link rel=\"canonical\" href=\"https:\/\/www.hausverwaltung-ryvola.de\/cms\/impressum\/\" \/>\n<meta property=\"og:locale\" content=\"de_DE\" \/>\n<meta property=\"og:type\" content=\"article\" \/>\n<meta property=\"og:title\" content=\"Impressum &#8211; Hausverwaltung Ryvola\" \/>\n<meta property=\"og:description\" content=\"IMPRESSUM Angaben gem\u00e4\u00df \u00a7 5 TMG: Hausverwaltung Ryvola Inhaber: Jan Christopher Ryvola, M.A. Fries Kamp 2 46244 Bottrop-Kirchhellen Vertreten durch: Jan Christopher Ryvola, M.A. Kontakt: Telefon: +49 2045 40430 Telefax: +49 2045 404646 E-Mail: hausverwaltung@ryvola.de Umsatzsteuer-ID: Umsatzsteuer-Identifikationsnummer gem\u00e4\u00df \u00a727 a Umsatzsteuergesetz: DE274571074 Quelle: https:\/\/www.e-recht24.de HAFTUNGSAUSSCHLUSS (DISCLAIMER) Haftung f\u00fcr Inhalte Als Diensteanbieter sind wir gem\u00e4\u00df \u00a7 [&hellip;]\" \/>\n<meta property=\"og:url\" content=\"https:\/\/www.hausverwaltung-ryvola.de\/cms\/impressum\/\" \/>\n<meta property=\"og:site_name\" content=\"Hausverwaltung Ryvola\" \/>\n<meta property=\"article:modified_time\" content=\"2022-08-09T06:35:54+00:00\" \/>\n<meta name=\"twitter:card\" content=\"summary_large_image\" \/>\n<meta name=\"twitter:label1\" content=\"Gesch\u00e4tzte Lesezeit\" \/>\n\t<meta name=\"twitter:data1\" content=\"2\u00a0Minuten\" \/>\n<script type=\"application\/ld+json\" class=\"yoast-schema-graph\">{\"@context\":\"https:\\\/\\\/schema.org\",\"@graph\":[{\"@type\":\"WebPage\",\"@id\":\"https:\\\/\\\/www.hausverwaltung-ryvola.de\\\/cms\\\/impressum\\\/\",\"url\":\"https:\\\/\\\/www.hausverwaltung-ryvola.de\\\/cms\\\/impressum\\\/\",\"name\":\"Impressum &#8211; Hausverwaltung Ryvola\",\"isPartOf\":{\"@id\":\"https:\\\/\\\/www.hausverwaltung-ryvola.de\\\/cms\\\/#website\"},\"datePublished\":\"2017-03-28T19:07:22+00:00\",\"dateModified\":\"2022-08-09T06:35:54+00:00\",\"breadcrumb\":{\"@id\":\"https:\\\/\\\/www.hausverwaltung-ryvola.de\\\/cms\\\/impressum\\\/#breadcrumb\"},\"inLanguage\":\"de\",\"potentialAction\":[{\"@type\":\"ReadAction\",\"target\":[\"https:\\\/\\\/www.hausverwaltung-ryvola.de\\\/cms\\\/impressum\\\/\"]}]},{\"@type\":\"BreadcrumbList\",\"@id\":\"https:\\\/\\\/www.hausverwaltung-ryvola.de\\\/cms\\\/impressum\\\/#breadcrumb\",\"itemListElement\":[{\"@type\":\"ListItem\",\"position\":1,\"name\":\"Home\",\"item\":\"https:\\\/\\\/www.hausverwaltung-ryvola.de\\\/cms\\\/\"},{\"@type\":\"ListItem\",\"position\":2,\"name\":\"Impressum\"}]},{\"@type\":\"WebSite\",\"@id\":\"https:\\\/\\\/www.hausverwaltung-ryvola.de\\\/cms\\\/#website\",\"url\":\"https:\\\/\\\/www.hausverwaltung-ryvola.de\\\/cms\\\/\",\"name\":\"Hausverwaltung Ryvola\",\"description\":\"\",\"potentialAction\":[{\"@type\":\"SearchAction\",\"target\":{\"@type\":\"EntryPoint\",\"urlTemplate\":\"https:\\\/\\\/www.hausverwaltung-ryvola.de\\\/cms\\\/?s={search_term_string}\"},\"query-input\":{\"@type\":\"PropertyValueSpecification\",\"valueRequired\":true,\"valueName\":\"search_term_string\"}}],\"inLanguage\":\"de\"}]}<\/script>\n<!-- \/ Yoast SEO plugin. -->","yoast_head_json":{"title":"Impressum &#8211; Hausverwaltung Ryvola","robots":{"index":"index","follow":"follow","max-snippet":"max-snippet:-1","max-image-preview":"max-image-preview:large","max-video-preview":"max-video-preview:-1"},"canonical":"https:\/\/www.hausverwaltung-ryvola.de\/cms\/impressum\/","og_locale":"de_DE","og_type":"article","og_title":"Impressum &#8211; Hausverwaltung Ryvola","og_description":"IMPRESSUM Angaben gem\u00e4\u00df \u00a7 5 TMG: Hausverwaltung Ryvola Inhaber: Jan Christopher Ryvola, M.A. Fries Kamp 2 46244 Bottrop-Kirchhellen Vertreten durch: Jan Christopher Ryvola, M.A. Kontakt: Telefon: +49 2045 40430 Telefax: +49 2045 404646 E-Mail: hausverwaltung@ryvola.de Umsatzsteuer-ID: Umsatzsteuer-Identifikationsnummer gem\u00e4\u00df \u00a727 a Umsatzsteuergesetz: DE274571074 Quelle: https:\/\/www.e-recht24.de HAFTUNGSAUSSCHLUSS (DISCLAIMER) Haftung f\u00fcr Inhalte Als Diensteanbieter sind wir gem\u00e4\u00df \u00a7 [&hellip;]","og_url":"https:\/\/www.hausverwaltung-ryvola.de\/cms\/impressum\/","og_site_name":"Hausverwaltung Ryvola","article_modified_time":"2022-08-09T06:35:54+00:00","twitter_card":"summary_large_image","twitter_misc":{"Gesch\u00e4tzte Lesezeit":"2\u00a0Minuten"},"schema":{"@context":"https:\/\/schema.org","@graph":[{"@type":"WebPage","@id":"https:\/\/www.hausverwaltung-ryvola.de\/cms\/impressum\/","url":"https:\/\/www.hausverwaltung-ryvola.de\/cms\/impressum\/","name":"Impressum &#8211; Hausverwaltung Ryvola","isPartOf":{"@id":"https:\/\/www.hausverwaltung-ryvola.de\/cms\/#website"},"datePublished":"2017-03-28T19:07:22+00:00","dateModified":"2022-08-09T06:35:54+00:00","breadcrumb":{"@id":"https:\/\/www.hausverwaltung-ryvola.de\/cms\/impressum\/#breadcrumb"},"inLanguage":"de","potentialAction":[{"@type":"ReadAction","target":["https:\/\/www.hausverwaltung-ryvola.de\/cms\/impressum\/"]}]},{"@type":"BreadcrumbList","@id":"https:\/\/www.hausverwaltung-ryvola.de\/cms\/impressum\/#breadcrumb","itemListElement":[{"@type":"ListItem","position":1,"name":"Home","item":"https:\/\/www.hausverwaltung-ryvola.de\/cms\/"},{"@type":"ListItem","position":2,"name":"Impressum"}]},{"@type":"WebSite","@id":"https:\/\/www.hausverwaltung-ryvola.de\/cms\/#website","url":"https:\/\/www.hausverwaltung-ryvola.de\/cms\/","name":"Hausverwaltung Ryvola","description":"","potentialAction":[{"@type":"SearchAction","target":{"@type":"EntryPoint","urlTemplate":"https:\/\/www.hausverwaltung-ryvola.de\/cms\/?s={search_term_string}"},"query-input":{"@type":"PropertyValueSpecification","valueRequired":true,"valueName":"search_term_string"}}],"inLanguage":"de"}]}},"_links":{"self":[{"href":"https:\/\/www.hausverwaltung-ryvola.de\/cms\/wp-json\/wp\/v2\/pages\/12","targetHints":{"allow":["GET"]}}],"collection":[{"href":"https:\/\/www.hausverwaltung-ryvola.de\/cms\/wp-json\/wp\/v2\/pages"}],"about":[{"href":"https:\/\/www.hausverwaltung-ryvola.de\/cms\/wp-json\/wp\/v2\/types\/page"}],"author":[{"embeddable":true,"href":"https:\/\/www.hausverwaltung-ryvola.de\/cms\/wp-json\/wp\/v2\/users\/1"}],"replies":[{"embeddable":true,"href":"https:\/\/www.hausverwaltung-ryvola.de\/cms\/wp-json\/wp\/v2\/comments?post=12"}],"version-history":[{"count":1,"href":"https:\/\/www.hausverwaltung-ryvola.de\/cms\/wp-json\/wp\/v2\/pages\/12\/revisions"}],"predecessor-version":[{"id":321,"href":"https:\/\/www.hausverwaltung-ryvola.de\/cms\/wp-json\/wp\/v2\/pages\/12\/revisions\/321"}],"wp:attachment":[{"href":"https:\/\/www.hausverwaltung-ryvola.de\/cms\/wp-json\/wp\/v2\/media?parent=12"}],"curies":[{"name":"wp","href":"https:\/\/api.w.org\/{rel}","templated":true}]}}